{"id":12,"date":"2018-01-24T15:42:47","date_gmt":"2018-01-24T15:42:47","guid":{"rendered":"http:\/\/drmichaelbecker.de\/?page_id=12"},"modified":"2021-02-21T21:55:09","modified_gmt":"2021-02-21T21:55:09","slug":"impressum","status":"publish","type":"page","link":"http:\/\/drmichaelbecker.de\/?page_id=12","title":{"rendered":"Impressum"},"content":{"rendered":"<h1 class=\"anschrift-arzt\"><span style=\"color: #da7233;\">Haus\u00e4rztliche Praxis<\/span><br \/>\n<span style=\"color: #da7233;\"> Dr. med. Michael Thomas Becker<\/span><br \/>\nBernhard-Lichtenberg-Str. 2<br \/>\n76189 Karlsruhe<br \/>\nOrtsteil: Oberreut<\/h1>\n<p>Telefon: 0721\/868080<br \/>\nTelefax: 0721\/868081<\/p>\n<h2 class=\"anschrift-arzt\"><span style=\"color: #000000;\"><b>Inhaber des Copyrights<\/b><\/span><\/h2>\n<p class=\"anschrift-arzt\">Alle Texte, Bilder, Grafiken und Symbole dieser Website unterliegen dem Urheberrecht, wenn nicht anders gekennzeichnet, liegt das Urheberrecht bei der Praxis Dr. med. Michael Thomas Becker. Das Kopieren und Verwenden von Daten der Website ist ohne ausdr\u00fcckliche schriftliche Genehmigung des Webmasters oder der Praxis Dr. med. Michael Thomas Becker verboten. Dies gilt auch f\u00fcr die Aufnahme in elektronische Datenbanken und Vervielf\u00e4ltigung auf analoge oder digitale Speichermedien.<br \/>\nDie Praxis Dr. med.\u00a0Michael Thomas Becker bittet im Interesse aller Besucher darum, bei versehentlicher Ver\u00f6ffentlichung falscher Daten dieses <a href=\"mailto:info@f-s-d.de\">mitzuteilen<\/a>. Im allgemeinen werden Daten nur nach dem verf\u00fcgbaren Material und gegebenenfalls ohne Pr\u00fcfung ver\u00f6ffentlicht. Es besteht keinerlei Anspruch auf Vollst\u00e4ndigkeit und ein Rechts- oder Ersatzanspruch aufgrund falscher Darstellung wird hiermit zur\u00fcckgewiesen.<\/p>\n<h2><span style=\"color: #000000;\"><b>Logos<\/b><\/span><\/h2>\n<p>Die Logos und Bilder auf dieser Webseite d\u00fcrfen nur mit schriftlicher und ausdr\u00fccklicher Genehmigung des Webmasters oder der Praxis Dr. med.\u00a0Michael Thomas Becker verwendet werden.<\/p>\n<h2 class=\"anschrift-arzt\"><span style=\"color: #000000;\"><b>Links<\/b><\/span><\/h2>\n<p class=\"anschrift-arzt\"><b>Wichtiger Hinweis zu allen Links auf dieser Homepage<i><br \/>\n<\/i><\/b>Das Landgericht Hamburg hat mit Urteil vom 12.05.1998 entschieden, da\u00df man durch die Ausbringung eines Links die Inhalte der gelinkten Seite ggf. mit zu verantworten hat. Dies kann \u2013 so das LG \u2013 nur dadurch verhindert werden, da\u00df man sich ausdr\u00fccklich von diesen Inhalten distanziert.<br \/>\nWir bieten auf unserer Homepage Links zu anderen Seiten im Internet an. \u201eDie Praxis Dr. med.\u00a0Michael Thomas Becker und der Webmaster betonen ausdr\u00fccklich, da\u00df wir\/sie keinerlei Einflu\u00df auf die Gestaltung und die Inhalte der gelinkten Seiten hat, deshalb distanziert wir\/sie sich hiermit ausdr\u00fccklich von allen Inhalten aller gelinkten Seiten auf der gesamten Homepage inklusive aller Unterseiten. Diese Erkl\u00e4rung gilt f\u00fcr alle auf der Homepage angebrachten Links und f\u00fcr alle Inhalte der Seiten, zu denen Links oder Banner f\u00fchren.<br \/>\nF\u00fcr Interessentinnen und Interessenten an diesem Urteil, hier der Link zum Nachlesen \u2013\u00a0 <a href=\"http:\/\/www.online-recht.de\" target=\"_blank\" rel=\"noopener\">online-recht.de<\/a><\/p>\n<p>Copyright<br \/>\n\u00a9 2018 Praxis Dr. med.\u00a0Michael Thomas Becker.<br \/>\nAlle Rechte vorbehalten.<br \/>\nBei Anregungen zu unseren Seiten wenden Sie sich bitte an unseren <a href=\"mailto:info@f-s-d.de\">Webmaster<\/a>. Eingetragene Warenzeichen und Urheberrechte werden von uns gewahrt. Sollte dennoch eine Schutzverletzung von unserer Seite aus stattfinden, so bitten wir um kurze E-Mail an <a href=\"mailto:info@f-s-d.de\">Webmaster<\/a><\/p>\n","protected":false},"excerpt":{"rendered":"<p>Haus\u00e4rztliche Praxis Dr. med. Michael Thomas Becker Bernhard-Lichtenberg-Str. 2 76189 Karlsruhe Ortsteil: Oberreut Telefon: 0721\/868080 Telefax: 0721\/868081 Inhaber des Copyrights Alle Texte, Bilder, Grafiken und Symbole dieser Website unterliegen dem Urheberrecht, wenn nicht anders gekennzeichnet, liegt das Urheberrecht bei der Praxis Dr. med. Michael Thomas Becker. Das Kopieren und Verwenden von Daten der Website ist &hellip; <\/p>\n<p class=\"link-more\"><a href=\"http:\/\/drmichaelbecker.de\/?page_id=12\" class=\"more-link\"><span class=\"screen-reader-text\">\u201eImpressum\u201c<\/span> weiterlesen<\/a><\/p>\n","protected":false},"author":1,"featured_media":0,"parent":0,"menu_order":0,"comment_status":"closed","ping_status":"closed","template":"","meta":{"footnotes":""},"class_list":["post-12","page","type-page","status-publish","hentry"],"yoast_head":"<!-- This site is optimized with the Yoast SEO plugin v27.5 - https:\/\/yoast.com\/product\/yoast-seo-wordpress\/ -->\n<title>Impressum - Dr. med. Becker<\/title>\n<meta name=\"description\" content=\"Haus\u00e4rztliche Praxis Dr. med. Michael Thomas Becker, Bernhard-Lichtenberg-Str. 2, 76189 Karlsruhe, Ortsteil: Oberreut, Telefon: 0721\/868080, Telefax: 0721\/868081\" \/>\n<meta name=\"robots\" content=\"index, follow, max-snippet:-1, max-image-preview:large, max-video-preview:-1\" \/>\n<link rel=\"canonical\" href=\"http:\/\/drmichaelbecker.de\/?page_id=12\" \/>\n<meta property=\"og:locale\" content=\"de_DE\" \/>\n<meta property=\"og:type\" content=\"article\" \/>\n<meta property=\"og:title\" content=\"Impressum - Dr. med. Becker\" \/>\n<meta property=\"og:description\" content=\"Haus\u00e4rztliche Praxis Dr. med. Michael Thomas Becker, Bernhard-Lichtenberg-Str. 2, 76189 Karlsruhe, Ortsteil: Oberreut, Telefon: 0721\/868080, Telefax: 0721\/868081\" \/>\n<meta property=\"og:url\" content=\"http:\/\/drmichaelbecker.de\/?page_id=12\" \/>\n<meta property=\"og:site_name\" content=\"Dr. med. Michael Thomas Becker\" \/>\n<meta property=\"article:modified_time\" content=\"2021-02-21T21:55:09+00:00\" \/>\n<meta name=\"twitter:card\" content=\"summary_large_image\" \/>\n<meta name=\"twitter:label1\" content=\"Gesch\u00e4tzte Lesezeit\" \/>\n\t<meta name=\"twitter:data1\" content=\"2\u00a0Minuten\" \/>\n<script type=\"application\/ld+json\" class=\"yoast-schema-graph\">{\"@context\":\"https:\\\/\\\/schema.org\",\"@graph\":[{\"@type\":\"WebPage\",\"@id\":\"http:\\\/\\\/drmichaelbecker.de\\\/?page_id=12\",\"url\":\"http:\\\/\\\/drmichaelbecker.de\\\/?page_id=12\",\"name\":\"Impressum - Dr. med. Becker\",\"isPartOf\":{\"@id\":\"http:\\\/\\\/drmichaelbecker.de\\\/#website\"},\"datePublished\":\"2018-01-24T15:42:47+00:00\",\"dateModified\":\"2021-02-21T21:55:09+00:00\",\"description\":\"Haus\u00e4rztliche Praxis Dr. med. Michael Thomas Becker, Bernhard-Lichtenberg-Str. 2, 76189 Karlsruhe, Ortsteil: Oberreut, Telefon: 0721\\\/868080, Telefax: 0721\\\/868081\",\"breadcrumb\":{\"@id\":\"http:\\\/\\\/drmichaelbecker.de\\\/?page_id=12#breadcrumb\"},\"inLanguage\":\"de\",\"potentialAction\":[{\"@type\":\"ReadAction\",\"target\":[\"http:\\\/\\\/drmichaelbecker.de\\\/?page_id=12\"]}]},{\"@type\":\"BreadcrumbList\",\"@id\":\"http:\\\/\\\/drmichaelbecker.de\\\/?page_id=12#breadcrumb\",\"itemListElement\":[{\"@type\":\"ListItem\",\"position\":1,\"name\":\"Startseite\",\"item\":\"http:\\\/\\\/drmichaelbecker.de\\\/\"},{\"@type\":\"ListItem\",\"position\":2,\"name\":\"Impressum\"}]},{\"@type\":\"WebSite\",\"@id\":\"http:\\\/\\\/drmichaelbecker.de\\\/#website\",\"url\":\"http:\\\/\\\/drmichaelbecker.de\\\/\",\"name\":\"Dr. med. Michael Thomas Becker\",\"description\":\"Die Praxis f\u00fcr die ganze Familie\",\"publisher\":{\"@id\":\"http:\\\/\\\/drmichaelbecker.de\\\/#organization\"},\"potentialAction\":[{\"@type\":\"SearchAction\",\"target\":{\"@type\":\"EntryPoint\",\"urlTemplate\":\"http:\\\/\\\/drmichaelbecker.de\\\/?s={search_term_string}\"},\"query-input\":{\"@type\":\"PropertyValueSpecification\",\"valueRequired\":true,\"valueName\":\"search_term_string\"}}],\"inLanguage\":\"de\"},{\"@type\":\"Organization\",\"@id\":\"http:\\\/\\\/drmichaelbecker.de\\\/#organization\",\"name\":\"Dr. med. Michael Thomas Becker\",\"url\":\"http:\\\/\\\/drmichaelbecker.de\\\/\",\"logo\":{\"@type\":\"ImageObject\",\"inLanguage\":\"de\",\"@id\":\"http:\\\/\\\/drmichaelbecker.de\\\/#\\\/schema\\\/logo\\\/image\\\/\",\"url\":\"http:\\\/\\\/drmichaelbecker.de\\\/wp-content\\\/uploads\\\/2018\\\/04\\\/becker-logo2.jpg\",\"contentUrl\":\"http:\\\/\\\/drmichaelbecker.de\\\/wp-content\\\/uploads\\\/2018\\\/04\\\/becker-logo2.jpg\",\"width\":645,\"height\":220,\"caption\":\"Dr. med. Michael Thomas Becker\"},\"image\":{\"@id\":\"http:\\\/\\\/drmichaelbecker.de\\\/#\\\/schema\\\/logo\\\/image\\\/\"}}]}<\/script>\n<!-- \/ Yoast SEO plugin. -->","yoast_head_json":{"title":"Impressum - Dr. med. Becker","description":"Haus\u00e4rztliche Praxis Dr. med. Michael Thomas Becker, Bernhard-Lichtenberg-Str. 2, 76189 Karlsruhe, Ortsteil: Oberreut, Telefon: 0721\/868080, Telefax: 0721\/868081","robots":{"index":"index","follow":"follow","max-snippet":"max-snippet:-1","max-image-preview":"max-image-preview:large","max-video-preview":"max-video-preview:-1"},"canonical":"http:\/\/drmichaelbecker.de\/?page_id=12","og_locale":"de_DE","og_type":"article","og_title":"Impressum - Dr. med. Becker","og_description":"Haus\u00e4rztliche Praxis Dr. med. Michael Thomas Becker, Bernhard-Lichtenberg-Str. 2, 76189 Karlsruhe, Ortsteil: Oberreut, Telefon: 0721\/868080, Telefax: 0721\/868081","og_url":"http:\/\/drmichaelbecker.de\/?page_id=12","og_site_name":"Dr. med. Michael Thomas Becker","article_modified_time":"2021-02-21T21:55:09+00:00","twitter_card":"summary_large_image","twitter_misc":{"Gesch\u00e4tzte Lesezeit":"2\u00a0Minuten"},"schema":{"@context":"https:\/\/schema.org","@graph":[{"@type":"WebPage","@id":"http:\/\/drmichaelbecker.de\/?page_id=12","url":"http:\/\/drmichaelbecker.de\/?page_id=12","name":"Impressum - Dr. med. Becker","isPartOf":{"@id":"http:\/\/drmichaelbecker.de\/#website"},"datePublished":"2018-01-24T15:42:47+00:00","dateModified":"2021-02-21T21:55:09+00:00","description":"Haus\u00e4rztliche Praxis Dr. med. Michael Thomas Becker, Bernhard-Lichtenberg-Str. 2, 76189 Karlsruhe, Ortsteil: Oberreut, Telefon: 0721\/868080, Telefax: 0721\/868081","breadcrumb":{"@id":"http:\/\/drmichaelbecker.de\/?page_id=12#breadcrumb"},"inLanguage":"de","potentialAction":[{"@type":"ReadAction","target":["http:\/\/drmichaelbecker.de\/?page_id=12"]}]},{"@type":"BreadcrumbList","@id":"http:\/\/drmichaelbecker.de\/?page_id=12#breadcrumb","itemListElement":[{"@type":"ListItem","position":1,"name":"Startseite","item":"http:\/\/drmichaelbecker.de\/"},{"@type":"ListItem","position":2,"name":"Impressum"}]},{"@type":"WebSite","@id":"http:\/\/drmichaelbecker.de\/#website","url":"http:\/\/drmichaelbecker.de\/","name":"Dr. med. Michael Thomas Becker","description":"Die Praxis f\u00fcr die ganze Familie","publisher":{"@id":"http:\/\/drmichaelbecker.de\/#organization"},"potentialAction":[{"@type":"SearchAction","target":{"@type":"EntryPoint","urlTemplate":"http:\/\/drmichaelbecker.de\/?s={search_term_string}"},"query-input":{"@type":"PropertyValueSpecification","valueRequired":true,"valueName":"search_term_string"}}],"inLanguage":"de"},{"@type":"Organization","@id":"http:\/\/drmichaelbecker.de\/#organization","name":"Dr. med. Michael Thomas Becker","url":"http:\/\/drmichaelbecker.de\/","logo":{"@type":"ImageObject","inLanguage":"de","@id":"http:\/\/drmichaelbecker.de\/#\/schema\/logo\/image\/","url":"http:\/\/drmichaelbecker.de\/wp-content\/uploads\/2018\/04\/becker-logo2.jpg","contentUrl":"http:\/\/drmichaelbecker.de\/wp-content\/uploads\/2018\/04\/becker-logo2.jpg","width":645,"height":220,"caption":"Dr. med. Michael Thomas Becker"},"image":{"@id":"http:\/\/drmichaelbecker.de\/#\/schema\/logo\/image\/"}}]}},"_links":{"self":[{"href":"http:\/\/drmichaelbecker.de\/index.php?rest_route=\/wp\/v2\/pages\/12","targetHints":{"allow":["GET"]}}],"collection":[{"href":"http:\/\/drmichaelbecker.de\/index.php?rest_route=\/wp\/v2\/pages"}],"about":[{"href":"http:\/\/drmichaelbecker.de\/index.php?rest_route=\/wp\/v2\/types\/page"}],"author":[{"embeddable":true,"href":"http:\/\/drmichaelbecker.de\/index.php?rest_route=\/wp\/v2\/users\/1"}],"replies":[{"embeddable":true,"href":"http:\/\/drmichaelbecker.de\/index.php?rest_route=%2Fwp%2Fv2%2Fcomments&post=12"}],"version-history":[{"count":12,"href":"http:\/\/drmichaelbecker.de\/index.php?rest_route=\/wp\/v2\/pages\/12\/revisions"}],"predecessor-version":[{"id":275,"href":"http:\/\/drmichaelbecker.de\/index.php?rest_route=\/wp\/v2\/pages\/12\/revisions\/275"}],"wp:attachment":[{"href":"http:\/\/drmichaelbecker.de\/index.php?rest_route=%2Fwp%2Fv2%2Fmedia&parent=12"}],"curies":[{"name":"wp","href":"https:\/\/api.w.org\/{rel}","templated":true}]}}